{"id":2615,"date":"2024-09-19T16:09:37","date_gmt":"2024-09-19T16:09:37","guid":{"rendered":"https:\/\/arkivet.no\/hopeful-cafe-arkivet\/"},"modified":"2025-06-03T09:50:53","modified_gmt":"2025-06-03T09:50:53","slug":"hopeful-cafe-arkivet","status":"publish","type":"page","link":"https:\/\/arkivet.no\/en\/hopeful-cafe-arkivet\/","title":{"rendered":"Hopeful Caf\u00e9 ARKIVET"},"content":{"rendered":"\n<div class=\"wp-block-columns alignwide is-layout-flex wp-container-core-columns-is-layout-28f84493 wp-block-columns-is-layout-flex\">\n<div class=\"wp-block-column is-layout-flow wp-block-column-is-layout-flow\" style=\"flex-basis:60%\">\n<h1 class=\"wp-block-heading wp-embed-aspect-16-9 wp-has-aspect-ratio\">Hopeful Caf\u00e9 ARKIVET<\/h1>\n\n\n\n<figure class=\"wp-block-image size-large\"><img loading=\"lazy\" decoding=\"async\" width=\"1280\" height=\"960\" src=\"https:\/\/d12tpop7vdv54s.cloudfront.net\/wp-content\/uploads\/2024\/10\/25114523\/hopefulkafe-edited.jpeg\" alt=\"kaf\u00e9medarbeider Mint st\u00e5r bak en disk fylt med mat- og drikkevarer og smiler til kamera\" class=\"wp-image-2611\" srcset=\"https:\/\/d12tpop7vdv54s.cloudfront.net\/wp-content\/uploads\/2024\/10\/25114523\/hopefulkafe-edited.jpeg 1280w, https:\/\/d12tpop7vdv54s.cloudfront.net\/wp-content\/uploads\/2024\/10\/25114523\/hopefulkafe-edited-300x225.jpeg 300w, https:\/\/d12tpop7vdv54s.cloudfront.net\/wp-content\/uploads\/2024\/10\/25114523\/hopefulkafe-edited-1024x768.jpeg 1024w, https:\/\/d12tpop7vdv54s.cloudfront.net\/wp-content\/uploads\/2024\/10\/25114523\/hopefulkafe-edited-768x576.jpeg 768w\" sizes=\"auto, (max-width: 1280px) 100vw, 1280px\" \/><\/figure>\n\n\n\n<p class=\"wp-embed-aspect-16-9 wp-has-aspect-ratio is-style-lead\">Since autumn 2022, Hopeful has been running the caf\u00e9 at Arkivet, now providing lunch and catering for meetings and events. Together, we have created a supportive space for young people, offering both social skills training and valuable work experience. <\/p>\n\n\n\n<h2 class=\"wp-block-heading wp-embed-aspect-16-9 wp-has-aspect-ratio\">What we offer<\/h2>\n\n\n\n<p class=\"wp-embed-aspect-16-9 wp-has-aspect-ratio\">At the caf\u00e9, we sell coffee and simple lunch items. The caf\u00e9 is open during the weekdays in the daytime. The caf\u00e9 will be closed during the summer, but coffee, drinks, and something to snack on will still be available for purchase.<\/p>\n\n\n\n<h2 class=\"wp-block-heading\">Collaboration with Hopeful<\/h2>\n\n\n\n<p>Hopeful provides job training for young people aged 14-25 who lack other opportunities, with the goal of regular paid work or education. At Hopeful Caf\u00e9 Arkivet, they have the chance to make a positive change in their lives and experience a sense of achievement and confidence.<\/p>\n\n\n\n<p><\/p>\n<\/div>\n\n\n\n<div class=\"wp-block-column is-layout-flow wp-block-column-is-layout-flow\" style=\"flex-basis:33.33%\"><\/div>\n<\/div>\n","protected":false},"excerpt":{"rendered":"<p>Hopeful runs the caf\u00e9 at Arkivet, now providing lunch and catering for meetings and events. <\/p>\n","protected":false},"author":2,"featured_media":803,"parent":0,"menu_order":0,"comment_status":"closed","ping_status":"closed","template":"","meta":{"_acf_changed":false,"inline_featured_image":false,"footnotes":""},"class_list":["post-2615","page","type-page","status-publish","has-post-thumbnail","hentry"],"acf":[],"yoast_head":"<!-- This site is optimized with the Yoast SEO plugin v27.3 - https:\/\/yoast.com\/product\/yoast-seo-wordpress\/ -->\n<title>Hopeful Caf\u00e9 ARKIVET - Arkivet<\/title>\n<meta name=\"robots\" content=\"index, follow, max-snippet:-1, max-image-preview:large, max-video-preview:-1\" \/>\n<link rel=\"canonical\" href=\"https:\/\/arkivet.no\/en\/hopeful-cafe-arkivet\/\" \/>\n<meta property=\"og:locale\" content=\"en_US\" \/>\n<meta property=\"og:type\" content=\"article\" \/>\n<meta property=\"og:title\" content=\"Hopeful Caf\u00e9 ARKIVET - Arkivet\" \/>\n<meta property=\"og:description\" content=\"Hopeful runs the caf\u00e9 at Arkivet, now providing lunch and catering for meetings and events.\" \/>\n<meta property=\"og:url\" content=\"https:\/\/arkivet.no\/en\/hopeful-cafe-arkivet\/\" \/>\n<meta property=\"og:site_name\" content=\"Arkivet\" \/>\n<meta property=\"article:modified_time\" content=\"2025-06-03T09:50:53+00:00\" \/>\n<meta property=\"og:image\" content=\"https:\/\/d12tpop7vdv54s.cloudfront.net\/wp-content\/uploads\/2024\/09\/19160646\/hopefulkafe.jpeg\" \/>\n\t<meta property=\"og:image:width\" content=\"1280\" \/>\n\t<meta property=\"og:image:height\" content=\"1600\" \/>\n\t<meta property=\"og:image:type\" content=\"image\/jpeg\" \/>\n<meta name=\"twitter:card\" content=\"summary_large_image\" \/>\n<meta name=\"twitter:label1\" content=\"Est. reading time\" \/>\n\t<meta name=\"twitter:data1\" content=\"2 minutes\" \/>\n<script type=\"application\/ld+json\" class=\"yoast-schema-graph\">{\"@context\":\"https:\\\/\\\/schema.org\",\"@graph\":[{\"@type\":\"WebPage\",\"@id\":\"https:\\\/\\\/arkivet.no\\\/en\\\/hopeful-cafe-arkivet\\\/\",\"url\":\"https:\\\/\\\/arkivet.no\\\/en\\\/hopeful-cafe-arkivet\\\/\",\"name\":\"Hopeful Caf\u00e9 ARKIVET - Arkivet\",\"isPartOf\":{\"@id\":\"https:\\\/\\\/arkivet.no\\\/#website\"},\"primaryImageOfPage\":{\"@id\":\"https:\\\/\\\/arkivet.no\\\/en\\\/hopeful-cafe-arkivet\\\/#primaryimage\"},\"image\":{\"@id\":\"https:\\\/\\\/arkivet.no\\\/en\\\/hopeful-cafe-arkivet\\\/#primaryimage\"},\"thumbnailUrl\":\"https:\\\/\\\/d12tpop7vdv54s.cloudfront.net\\\/wp-content\\\/uploads\\\/2024\\\/09\\\/19160646\\\/hopefulkafe.jpeg\",\"datePublished\":\"2024-09-19T16:09:37+00:00\",\"dateModified\":\"2025-06-03T09:50:53+00:00\",\"breadcrumb\":{\"@id\":\"https:\\\/\\\/arkivet.no\\\/en\\\/hopeful-cafe-arkivet\\\/#breadcrumb\"},\"inLanguage\":\"en-US\",\"potentialAction\":[{\"@type\":\"ReadAction\",\"target\":[\"https:\\\/\\\/arkivet.no\\\/en\\\/hopeful-cafe-arkivet\\\/\"]}]},{\"@type\":\"ImageObject\",\"inLanguage\":\"en-US\",\"@id\":\"https:\\\/\\\/arkivet.no\\\/en\\\/hopeful-cafe-arkivet\\\/#primaryimage\",\"url\":\"https:\\\/\\\/d12tpop7vdv54s.cloudfront.net\\\/wp-content\\\/uploads\\\/2024\\\/09\\\/19160646\\\/hopefulkafe.jpeg\",\"contentUrl\":\"https:\\\/\\\/d12tpop7vdv54s.cloudfront.net\\\/wp-content\\\/uploads\\\/2024\\\/09\\\/19160646\\\/hopefulkafe.jpeg\",\"width\":1280,\"height\":1600,\"caption\":\"kaf\u00e9medarbeider Mint st\u00e5r bak en disk fylt med mat- og drikkevarer og smiler til kamera\"},{\"@type\":\"BreadcrumbList\",\"@id\":\"https:\\\/\\\/arkivet.no\\\/en\\\/hopeful-cafe-arkivet\\\/#breadcrumb\",\"itemListElement\":[{\"@type\":\"ListItem\",\"position\":1,\"name\":\"Home\",\"item\":\"https:\\\/\\\/arkivet.no\\\/en\\\/\"},{\"@type\":\"ListItem\",\"position\":2,\"name\":\"Hopeful Caf\u00e9 ARKIVET\"}]},{\"@type\":\"WebSite\",\"@id\":\"https:\\\/\\\/arkivet.no\\\/#website\",\"url\":\"https:\\\/\\\/arkivet.no\\\/\",\"name\":\"Arkivet\",\"description\":\"\",\"publisher\":{\"@id\":\"https:\\\/\\\/arkivet.no\\\/#organization\"},\"potentialAction\":[{\"@type\":\"SearchAction\",\"target\":{\"@type\":\"EntryPoint\",\"urlTemplate\":\"https:\\\/\\\/arkivet.no\\\/?s={search_term_string}\"},\"query-input\":{\"@type\":\"PropertyValueSpecification\",\"valueRequired\":true,\"valueName\":\"search_term_string\"}}],\"inLanguage\":\"en-US\"},{\"@type\":\"Organization\",\"@id\":\"https:\\\/\\\/arkivet.no\\\/#organization\",\"name\":\"Arkivet\",\"url\":\"https:\\\/\\\/arkivet.no\\\/\",\"logo\":{\"@type\":\"ImageObject\",\"inLanguage\":\"en-US\",\"@id\":\"https:\\\/\\\/arkivet.no\\\/#\\\/schema\\\/logo\\\/image\\\/\",\"url\":\"https:\\\/\\\/d12tpop7vdv54s.cloudfront.net\\\/wp-content\\\/uploads\\\/2024\\\/08\\\/23110833\\\/Arkivet-logo-RGB_sort.svg\",\"contentUrl\":\"https:\\\/\\\/d12tpop7vdv54s.cloudfront.net\\\/wp-content\\\/uploads\\\/2024\\\/08\\\/23110833\\\/Arkivet-logo-RGB_sort.svg\",\"caption\":\"Arkivet\"},\"image\":{\"@id\":\"https:\\\/\\\/arkivet.no\\\/#\\\/schema\\\/logo\\\/image\\\/\"}}]}<\/script>\n<!-- \/ Yoast SEO plugin. -->","yoast_head_json":{"title":"Hopeful Caf\u00e9 ARKIVET - Arkivet","robots":{"index":"index","follow":"follow","max-snippet":"max-snippet:-1","max-image-preview":"max-image-preview:large","max-video-preview":"max-video-preview:-1"},"canonical":"https:\/\/arkivet.no\/en\/hopeful-cafe-arkivet\/","og_locale":"en_US","og_type":"article","og_title":"Hopeful Caf\u00e9 ARKIVET - Arkivet","og_description":"Hopeful runs the caf\u00e9 at Arkivet, now providing lunch and catering for meetings and events.","og_url":"https:\/\/arkivet.no\/en\/hopeful-cafe-arkivet\/","og_site_name":"Arkivet","article_modified_time":"2025-06-03T09:50:53+00:00","og_image":[{"width":1280,"height":1600,"url":"https:\/\/d12tpop7vdv54s.cloudfront.net\/wp-content\/uploads\/2024\/09\/19160646\/hopefulkafe.jpeg","type":"image\/jpeg"}],"twitter_card":"summary_large_image","twitter_misc":{"Est. reading time":"2 minutes"},"schema":{"@context":"https:\/\/schema.org","@graph":[{"@type":"WebPage","@id":"https:\/\/arkivet.no\/en\/hopeful-cafe-arkivet\/","url":"https:\/\/arkivet.no\/en\/hopeful-cafe-arkivet\/","name":"Hopeful Caf\u00e9 ARKIVET - Arkivet","isPartOf":{"@id":"https:\/\/arkivet.no\/#website"},"primaryImageOfPage":{"@id":"https:\/\/arkivet.no\/en\/hopeful-cafe-arkivet\/#primaryimage"},"image":{"@id":"https:\/\/arkivet.no\/en\/hopeful-cafe-arkivet\/#primaryimage"},"thumbnailUrl":"https:\/\/d12tpop7vdv54s.cloudfront.net\/wp-content\/uploads\/2024\/09\/19160646\/hopefulkafe.jpeg","datePublished":"2024-09-19T16:09:37+00:00","dateModified":"2025-06-03T09:50:53+00:00","breadcrumb":{"@id":"https:\/\/arkivet.no\/en\/hopeful-cafe-arkivet\/#breadcrumb"},"inLanguage":"en-US","potentialAction":[{"@type":"ReadAction","target":["https:\/\/arkivet.no\/en\/hopeful-cafe-arkivet\/"]}]},{"@type":"ImageObject","inLanguage":"en-US","@id":"https:\/\/arkivet.no\/en\/hopeful-cafe-arkivet\/#primaryimage","url":"https:\/\/d12tpop7vdv54s.cloudfront.net\/wp-content\/uploads\/2024\/09\/19160646\/hopefulkafe.jpeg","contentUrl":"https:\/\/d12tpop7vdv54s.cloudfront.net\/wp-content\/uploads\/2024\/09\/19160646\/hopefulkafe.jpeg","width":1280,"height":1600,"caption":"kaf\u00e9medarbeider Mint st\u00e5r bak en disk fylt med mat- og drikkevarer og smiler til kamera"},{"@type":"BreadcrumbList","@id":"https:\/\/arkivet.no\/en\/hopeful-cafe-arkivet\/#breadcrumb","itemListElement":[{"@type":"ListItem","position":1,"name":"Home","item":"https:\/\/arkivet.no\/en\/"},{"@type":"ListItem","position":2,"name":"Hopeful Caf\u00e9 ARKIVET"}]},{"@type":"WebSite","@id":"https:\/\/arkivet.no\/#website","url":"https:\/\/arkivet.no\/","name":"Arkivet","description":"","publisher":{"@id":"https:\/\/arkivet.no\/#organization"},"potentialAction":[{"@type":"SearchAction","target":{"@type":"EntryPoint","urlTemplate":"https:\/\/arkivet.no\/?s={search_term_string}"},"query-input":{"@type":"PropertyValueSpecification","valueRequired":true,"valueName":"search_term_string"}}],"inLanguage":"en-US"},{"@type":"Organization","@id":"https:\/\/arkivet.no\/#organization","name":"Arkivet","url":"https:\/\/arkivet.no\/","logo":{"@type":"ImageObject","inLanguage":"en-US","@id":"https:\/\/arkivet.no\/#\/schema\/logo\/image\/","url":"https:\/\/d12tpop7vdv54s.cloudfront.net\/wp-content\/uploads\/2024\/08\/23110833\/Arkivet-logo-RGB_sort.svg","contentUrl":"https:\/\/d12tpop7vdv54s.cloudfront.net\/wp-content\/uploads\/2024\/08\/23110833\/Arkivet-logo-RGB_sort.svg","caption":"Arkivet"},"image":{"@id":"https:\/\/arkivet.no\/#\/schema\/logo\/image\/"}}]}},"_links":{"self":[{"href":"https:\/\/arkivet.no\/en\/wp-json\/wp\/v2\/pages\/2615","targetHints":{"allow":["GET"]}}],"collection":[{"href":"https:\/\/arkivet.no\/en\/wp-json\/wp\/v2\/pages"}],"about":[{"href":"https:\/\/arkivet.no\/en\/wp-json\/wp\/v2\/types\/page"}],"author":[{"embeddable":true,"href":"https:\/\/arkivet.no\/en\/wp-json\/wp\/v2\/users\/2"}],"replies":[{"embeddable":true,"href":"https:\/\/arkivet.no\/en\/wp-json\/wp\/v2\/comments?post=2615"}],"version-history":[{"count":4,"href":"https:\/\/arkivet.no\/en\/wp-json\/wp\/v2\/pages\/2615\/revisions"}],"predecessor-version":[{"id":3461,"href":"https:\/\/arkivet.no\/en\/wp-json\/wp\/v2\/pages\/2615\/revisions\/3461"}],"wp:featuredmedia":[{"embeddable":true,"href":"https:\/\/arkivet.no\/en\/wp-json\/wp\/v2\/media\/803"}],"wp:attachment":[{"href":"https:\/\/arkivet.no\/en\/wp-json\/wp\/v2\/media?parent=2615"}],"curies":[{"name":"wp","href":"https:\/\/api.w.org\/{rel}","templated":true}]}}